{"id":4178,"date":"2024-02-21T10:53:51","date_gmt":"2024-02-21T10:53:51","guid":{"rendered":"https:\/\/romaguera-edo.com\/areas-de-practica\/testamento-vital\/"},"modified":"2024-02-26T11:08:35","modified_gmt":"2024-02-26T11:08:35","slug":"testamento-vital","status":"publish","type":"page","link":"https:\/\/romaguera-edo.com\/es\/areas-de-practica\/testamento-vital\/","title":{"rendered":"Testamento vital"},"content":{"rendered":"<div class=\"wpb-content-wrapper\"><p>[vc_row][vc_column width=&#8221;1\/3&#8243;][vc_wp_custommenu nav_menu=&#8221;293&#8243; el_class=&#8221;practica-menu&#8221;][\/vc_column][vc_column width=&#8221;2\/3&#8243;][vc_column_text]El testamento vital, llamado Documento de Voluntades Anticipadas (DVA), es un documento dirigido a los m\u00e9dicos, en el que una persona mayor de edad, con capacidad suficiente y de manera libre, expresa las instrucciones a tener en cuenta cuando se encuentre en una situaci\u00f3n en que las circunstancias no le permitan expresar personalmente su voluntad. El documento tambi\u00e9n sirve para designar un representante que act\u00fae como interlocutor v\u00e1lido o con el m\u00e9dico o el equipo sanitario, en caso de que no pueda expresar su voluntad por ella misma. Este documento se formalizar\u00e1 ante notario o ante tres testigos (dos de ellos no pueden tener relaci\u00f3n de parentesco hasta segundo grado).<\/p>\n<p>Se recomienda incorporar este documento a la historia cl\u00ednica del paciente .<\/p>\n<p>En Catalu\u00f1a, por ejemplo, para facilitar el acceso a los m\u00e9dicos que la han de tener en cuenta, el DVA se puede inscribir en el Registro de voluntades anticipadas del Departamento de Salud. De este modo el documento queda incorporado a la historia cl\u00ednica compartida de los pacientes.[\/vc_column_text][\/vc_column][\/vc_row][vc_row css=&#8221;.vc_custom_1708510714916{margin-top: 100px !important;}&#8221;][vc_column]\n<div class=\"wpcf7 no-js\" id=\"wpcf7-f3794-o1\" lang=\"es-ES\" dir=\"ltr\" data-wpcf7-id=\"3794\">\n<div class=\"screen-reader-response\"><p role=\"status\" aria-live=\"polite\" aria-atomic=\"true\"><\/p> <ul><\/ul><\/div>\n<form action=\"\/es\/wp-json\/wp\/v2\/pages\/4178#wpcf7-f3794-o1\" method=\"post\" class=\"wpcf7-form init\" aria-label=\"Formulario de contacto\" novalidate=\"novalidate\" data-status=\"init\">\n<fieldset class=\"hidden-fields-container\"><input type=\"hidden\" name=\"_wpcf7\" value=\"3794\" \/><input type=\"hidden\" name=\"_wpcf7_version\" value=\"6.1.5\" \/><input type=\"hidden\" name=\"_wpcf7_locale\" value=\"es_ES\" \/><input type=\"hidden\" name=\"_wpcf7_unit_tag\" value=\"wpcf7-f3794-o1\" \/><input type=\"hidden\" name=\"_wpcf7_container_post\" value=\"0\" \/><input type=\"hidden\" name=\"_wpcf7_posted_data_hash\" value=\"\" \/><input type=\"hidden\" name=\"_wpcf7_recaptcha_response\" value=\"\" \/>\n<\/fieldset>\n<div class=\"contact-form-area\">\n\t<h2>Formulario de contacto\n\t<\/h2>\n\t<div class=\"col-sm-12\">\n\t\t<div class=\"form-group\">\n\t\t\t<p><label>Nombre y apellidos: <\/label><span class=\"wpcf7-form-control-wrap\" data-name=\"name-604\"><input size=\"40\" maxlength=\"400\" class=\"wpcf7-form-control wpcf7-text wpcf7-validates-as-required form-control\" aria-required=\"true\" aria-invalid=\"false\" value=\"\" type=\"text\" name=\"name-604\" \/><\/span>\n\t\t\t<\/p>\n\t\t<\/div>\n\t<\/div>\n\t<div class=\"col-sm-12\">\n\t\t<div class=\"form-group\">\n\t\t\t<p><label>E-mail : <\/label><br \/>\n<span class=\"wpcf7-form-control-wrap\" data-name=\"email-179\"><input size=\"40\" maxlength=\"400\" class=\"wpcf7-form-control wpcf7-email wpcf7-validates-as-required wpcf7-text wpcf7-validates-as-email form-control\" aria-required=\"true\" aria-invalid=\"false\" value=\"\" type=\"email\" name=\"email-179\" \/><\/span>\n\t\t\t<\/p>\n\t\t<\/div>\n\t<\/div>\n\t<div class=\"col-sm-12\">\n\t\t<div class=\"form-group\">\n\t\t\t<p><label>M\u00f3vil : <\/label><br \/>\n<span class=\"wpcf7-form-control-wrap\" data-name=\"tel-131\"><input size=\"40\" maxlength=\"400\" class=\"wpcf7-form-control wpcf7-tel wpcf7-validates-as-required wpcf7-text wpcf7-validates-as-tel form-control\" aria-required=\"true\" aria-invalid=\"false\" value=\"\" type=\"tel\" name=\"tel-131\" \/><\/span>\n\t\t\t<\/p>\n\t\t<\/div>\n\t<\/div>\n\t<div class=\"col-sm-12\">\n\t\t<div class=\"form-group\">\n\t\t\t<p><label>Mensaje: <\/label><br \/>\n<span class=\"wpcf7-form-control-wrap\" data-name=\"textarea-346\"><textarea cols=\"40\" rows=\"10\" maxlength=\"2000\" class=\"wpcf7-form-control wpcf7-textarea wpcf7-validates-as-required form-control\" aria-required=\"true\" aria-invalid=\"false\" name=\"textarea-346\"><\/textarea><\/span>\n\t\t\t<\/p>\n\t\t<\/div>\n\t<\/div>\n\t<div class=\"col-sm-12\">\n\t\t<div class=\"form-group\" >\n\t\t\t<p><br \/>\n<b>RESPONSABLE TRATAMIENTO: Maria de Montserrat Romaguera Edo<\/b><br \/>\n<b>FINALIDAD:<\/b> Atender la solicitud del usuario.<br \/>\n<b>LEGITIMACI\u00d3N:<\/b> Consentimiento del interesado.<br \/>\n<b>DERECHOS:<\/b> Acceso, rectificaci\u00f3n, supresi\u00f3n, oposici\u00f3n, limitaci\u00f3n, portabilidad, revocaci\u00f3n del consentimiento al correo info@romaguera-edo.com o mediante el procedimiento establecido en nuestra pol\u00edtica de privacidad de la web. Si considera que el tratamiento de sus datos no se ajusta a la normativa, puede acudir a la Autoridad de Control (<a href=\"https:\/\/www.aepd.es\" target=\"_blank\">www.aepd.es<\/a>).<br \/>\n<b>INFORMACI\u00d3N ADICIONAL:<\/b> m\u00e1s informaci\u00f3n en nuestra <a href=\"https:\/\/romaguera-edo.com\/es\/politica-de-privacidad\/\" target=\"_blank\">pol\u00edtica de privacidad<\/a>.\n\t\t\t<\/p>\n\t\t\t<p><span class=\"wpcf7-form-control-wrap\" data-name=\"your-consent\"><span class=\"wpcf7-form-control wpcf7-acceptance\"><span class=\"wpcf7-list-item\"><label><input type=\"checkbox\" name=\"your-consent\" value=\"1\" aria-invalid=\"false\" \/><span class=\"wpcf7-list-item-label\">Acepto que se traten mis datos para atender la solicitud de informaci\u00f3n.<\/span><\/label><\/span><\/span><\/span>\n\t\t\t<\/p>\n\t\t<\/div>\n\t<\/div>\n\t<div class=\"col-sm-12\">\n\t\n\t\t<div class=\"form-group\">\n\t\t\t<p><input class=\"wpcf7-form-control wpcf7-submit has-spinner btn-send submit-button\" type=\"submit\" value=\"ENVIAR EL MENSAJE\" \/>\n\t\t\t<\/p>\n\t\t<\/div>\n\t<\/div>\n<\/div><div class=\"wpcf7-response-output\" aria-hidden=\"true\"><\/div>\n<\/form>\n<\/div>\n[\/vc_column][\/vc_row]<\/p>\n<\/div>","protected":false},"excerpt":{"rendered":"<p>[vc_row][vc_column width=&#8221;1\/3&#8243;][vc_wp_custommenu nav_menu=&#8221;293&#8243; el_class=&#8221;practica-menu&#8221;][\/vc_column][vc_column width=&#8221;2\/3&#8243;][vc_column_text]El testamento vital, llamado Documento de Voluntades Anticipadas (DVA), es un documento dirigido a los m\u00e9dicos, en el que una persona mayor de edad, con capacidad suficiente y de manera libre, expresa las instrucciones a tener en cuenta cuando se encuentre en una situaci\u00f3n en que las circunstancias no le permitan [&hellip;]<\/p>\n","protected":false},"author":2,"featured_media":0,"parent":3760,"menu_order":0,"comment_status":"closed","ping_status":"closed","template":"","meta":{"footnotes":""},"class_list":["post-4178","page","type-page","status-publish","hentry"],"_links":{"self":[{"href":"https:\/\/romaguera-edo.com\/es\/wp-json\/wp\/v2\/pages\/4178","targetHints":{"allow":["GET"]}}],"collection":[{"href":"https:\/\/romaguera-edo.com\/es\/wp-json\/wp\/v2\/pages"}],"about":[{"href":"https:\/\/romaguera-edo.com\/es\/wp-json\/wp\/v2\/types\/page"}],"author":[{"embeddable":true,"href":"https:\/\/romaguera-edo.com\/es\/wp-json\/wp\/v2\/users\/2"}],"replies":[{"embeddable":true,"href":"https:\/\/romaguera-edo.com\/es\/wp-json\/wp\/v2\/comments?post=4178"}],"version-history":[{"count":1,"href":"https:\/\/romaguera-edo.com\/es\/wp-json\/wp\/v2\/pages\/4178\/revisions"}],"predecessor-version":[{"id":4179,"href":"https:\/\/romaguera-edo.com\/es\/wp-json\/wp\/v2\/pages\/4178\/revisions\/4179"}],"up":[{"embeddable":true,"href":"https:\/\/romaguera-edo.com\/es\/wp-json\/wp\/v2\/pages\/3760"}],"wp:attachment":[{"href":"https:\/\/romaguera-edo.com\/es\/wp-json\/wp\/v2\/media?parent=4178"}],"curies":[{"name":"wp","href":"https:\/\/api.w.org\/{rel}","templated":true}]}}