{"id":4176,"date":"2024-02-21T10:44:23","date_gmt":"2024-02-21T10:44:23","guid":{"rendered":"https:\/\/romaguera-edo.com\/areas-de-practica\/aceptacion-de-la-herencia\/"},"modified":"2024-02-26T11:08:41","modified_gmt":"2024-02-26T11:08:41","slug":"aceptacion-de-la-herencia","status":"publish","type":"page","link":"https:\/\/romaguera-edo.com\/es\/areas-de-practica\/aceptacion-de-la-herencia\/","title":{"rendered":"Aceptaci\u00f3n de la herencia"},"content":{"rendered":"<div class=\"wpb-content-wrapper\"><p>[vc_row][vc_column width=&#8221;1\/3&#8243;][vc_wp_custommenu nav_menu=&#8221;293&#8243; el_class=&#8221;practica-menu&#8221;][\/vc_column][vc_column width=&#8221;2\/3&#8243;][vc_column_text]La aceptaci\u00f3n de la herencia es aquella declaraci\u00f3n de voluntad en virtud de la cual el llamado a una sucesi\u00f3n acepta la llamada realizada a su favor.<\/p>\n<p>La sucesi\u00f3n se defiere en el momento de la muerte del causante. Si la herencia todav\u00eda no ha sido aceptada ni repudiada decimos que \u00e9sta se encuentra en situaci\u00f3n yacente.<\/p>\n<p>La herencia yacente se compone de los bienes, derechos y obligaciones del causante que a\u00fan no han sido aceptados por los herederos.<\/p>\n<p>Una herencia yacente es una herencia sin titular. Si \u00e9sta no puede hacer frente al pago regular de las deudas que tuviera el causante, entonces puede ser declarada en concurso.<\/p>\n<p>Cuando la herencia se encuentra en esta situaci\u00f3n yacente, los herederos llamados pueden hacer actos de conservaci\u00f3n, defensa y administraci\u00f3n ordinaria, incluso tomar posesi\u00f3n de los bienes y ejercitar acciones posesorias. Estos actos no suponen la aceptaci\u00f3n t\u00e1cita de la herencia a menos que se tome el t\u00edtulo o calidad de heredero.<\/p>\n<p>Con la aceptaci\u00f3n, sea del tipo que sea, deja de existir la herencia yacente, porque ya hay un titular que se ha hecho cargo de ella.<\/p>\n<p>Con la aceptaci\u00f3n, el heredero responder\u00e1 de todas las deudas del causante con el patrimonio de la herencia que habr\u00e1 ingresado en su propio patrimonio preexistente, es decir, con los bienes hereditarios, y con su propio patrimonio personal.<\/p>\n<p>En la aceptaci\u00f3n pura y simple, el heredero queda responsable de todas las deudas del causante y responde con los bienes de \u00e9sta y los suyos propios.<\/p>\n<p>En la aceptaci\u00f3n a beneficio de inventario, el heredero no est\u00e1 obligado a pagar las deudas del causante sino s\u00f3lo hasta donde lo permiten los bienes de \u00e9sta, es decir, no se confunden bienes del heredero con los relictos.<\/p>\n<p>Una vez aceptada la herencia deber\u00e1 liquidar los tributos correspondientes. Nos ocupamos de tener en cuenta todos los plazos para la liquidaci\u00f3n de los tributos y si es necesario, gestionamos peticiones de aplazamientos o fraccionamiento de estos.<\/p>\n<p>Si hay varias personas interesadas en una herencia y un heredero no quiere aceptar, se puede solicitar al juez que interpele al heredero para que manifieste si acepta o repudia la herencia. Este supuesto tambi\u00e9n se puede dar en los casos de reclamaci\u00f3n de leg\u00edtima.<\/p>\n<p>OBTENCI\u00d3N DE DOCUMENTOS<br \/>\nPara poder aceptar la herencia son necesarios varios documentos, le asesoramos y gestionamos la obtenci\u00f3n de todos ellos.<\/p>\n<p>ADJUDICACI\u00d3N DE LA HERENCIA<br \/>\nEn la aceptaci\u00f3n de herencia, adem\u00e1s de la propia aceptaci\u00f3n es necesario adjudicarse los bienes hereditarios.<\/p>\n<p>Tanto en el caso de una sucesi\u00f3n intestada, donde el causante no ha definido su voluntad ni en cuanto a la designaci\u00f3n de herederos ni en cuanto al reparto de los bienes, como en el caso de que a pesar de existir testamento, el causante ha definido los herederos repartiendo sus bienes a partes iguales, en ambos supuestos habr\u00e1 que adjudicarles mediante la operaci\u00f3n particional y en esta distribuci\u00f3n de bienes es cuando pueden surgir controversias entre los herederos, principalmente por la valoraci\u00f3n si se trata sobre todo de bienes inmuebles.<\/p>\n<p>En cambio, si el testador ya adjudica los bienes en el mismo testamento ya sea a t\u00edtulo universal (heredero) o a t\u00edtulo particular (legatario), en este no suele haber controversia.<\/p>\n<p>DIVISI\u00d3N DE LA HERENCIA<br \/>\nLa divisi\u00f3n judicial de la herencia hay instarla, en \u00faltima instancia, si los herederos no llegan a un acuerdo en las adjudicaciones de los bienes relictos.<\/p>\n<p>Gestionamos toda la herencia, defendiendo sus intereses de nuestros clientes, en todas sus fases: estudio previo, preparaci\u00f3n de todos los documentos, solicitud de pr\u00f3rrogas de los tributos cuando corresponde, redacci\u00f3n y \/ o supervisi\u00f3n de las escrituras o documentos privados pertinentes, liquidaci\u00f3n de tributos e inscripci\u00f3n de las fincas en el Registro de la Propiedad. siempre velando por sus intereses en la herencia.[\/vc_column_text][\/vc_column][\/vc_row][vc_row css=&#8221;.vc_custom_1708510714916{margin-top: 100px !important;}&#8221;][vc_column]\n<div class=\"wpcf7 no-js\" id=\"wpcf7-f3794-o1\" lang=\"es-ES\" dir=\"ltr\" data-wpcf7-id=\"3794\">\n<div class=\"screen-reader-response\"><p role=\"status\" aria-live=\"polite\" aria-atomic=\"true\"><\/p> <ul><\/ul><\/div>\n<form action=\"\/es\/wp-json\/wp\/v2\/pages\/4176#wpcf7-f3794-o1\" method=\"post\" class=\"wpcf7-form init\" aria-label=\"Formulario de contacto\" novalidate=\"novalidate\" data-status=\"init\">\n<fieldset class=\"hidden-fields-container\"><input type=\"hidden\" name=\"_wpcf7\" value=\"3794\" \/><input type=\"hidden\" name=\"_wpcf7_version\" value=\"6.1.5\" \/><input type=\"hidden\" name=\"_wpcf7_locale\" value=\"es_ES\" \/><input type=\"hidden\" name=\"_wpcf7_unit_tag\" value=\"wpcf7-f3794-o1\" \/><input type=\"hidden\" name=\"_wpcf7_container_post\" value=\"0\" \/><input type=\"hidden\" name=\"_wpcf7_posted_data_hash\" value=\"\" \/><input type=\"hidden\" name=\"_wpcf7_recaptcha_response\" value=\"\" \/>\n<\/fieldset>\n<div class=\"contact-form-area\">\n\t<h2>Formulario de contacto\n\t<\/h2>\n\t<div class=\"col-sm-12\">\n\t\t<div class=\"form-group\">\n\t\t\t<p><label>Nombre y apellidos: <\/label><span class=\"wpcf7-form-control-wrap\" data-name=\"name-604\"><input size=\"40\" maxlength=\"400\" class=\"wpcf7-form-control wpcf7-text wpcf7-validates-as-required form-control\" aria-required=\"true\" aria-invalid=\"false\" value=\"\" type=\"text\" name=\"name-604\" \/><\/span>\n\t\t\t<\/p>\n\t\t<\/div>\n\t<\/div>\n\t<div class=\"col-sm-12\">\n\t\t<div class=\"form-group\">\n\t\t\t<p><label>E-mail : <\/label><br \/>\n<span class=\"wpcf7-form-control-wrap\" data-name=\"email-179\"><input size=\"40\" maxlength=\"400\" class=\"wpcf7-form-control wpcf7-email wpcf7-validates-as-required wpcf7-text wpcf7-validates-as-email form-control\" aria-required=\"true\" aria-invalid=\"false\" value=\"\" type=\"email\" name=\"email-179\" \/><\/span>\n\t\t\t<\/p>\n\t\t<\/div>\n\t<\/div>\n\t<div class=\"col-sm-12\">\n\t\t<div class=\"form-group\">\n\t\t\t<p><label>M\u00f3vil : <\/label><br \/>\n<span class=\"wpcf7-form-control-wrap\" data-name=\"tel-131\"><input size=\"40\" maxlength=\"400\" class=\"wpcf7-form-control wpcf7-tel wpcf7-validates-as-required wpcf7-text wpcf7-validates-as-tel form-control\" aria-required=\"true\" aria-invalid=\"false\" value=\"\" type=\"tel\" name=\"tel-131\" \/><\/span>\n\t\t\t<\/p>\n\t\t<\/div>\n\t<\/div>\n\t<div class=\"col-sm-12\">\n\t\t<div class=\"form-group\">\n\t\t\t<p><label>Mensaje: <\/label><br \/>\n<span class=\"wpcf7-form-control-wrap\" data-name=\"textarea-346\"><textarea cols=\"40\" rows=\"10\" maxlength=\"2000\" class=\"wpcf7-form-control wpcf7-textarea wpcf7-validates-as-required form-control\" aria-required=\"true\" aria-invalid=\"false\" name=\"textarea-346\"><\/textarea><\/span>\n\t\t\t<\/p>\n\t\t<\/div>\n\t<\/div>\n\t<div class=\"col-sm-12\">\n\t\t<div class=\"form-group\" >\n\t\t\t<p><br \/>\n<b>RESPONSABLE TRATAMIENTO: Maria de Montserrat Romaguera Edo<\/b><br \/>\n<b>FINALIDAD:<\/b> Atender la solicitud del usuario.<br \/>\n<b>LEGITIMACI\u00d3N:<\/b> Consentimiento del interesado.<br \/>\n<b>DERECHOS:<\/b> Acceso, rectificaci\u00f3n, supresi\u00f3n, oposici\u00f3n, limitaci\u00f3n, portabilidad, revocaci\u00f3n del consentimiento al correo info@romaguera-edo.com o mediante el procedimiento establecido en nuestra pol\u00edtica de privacidad de la web. Si considera que el tratamiento de sus datos no se ajusta a la normativa, puede acudir a la Autoridad de Control (<a href=\"https:\/\/www.aepd.es\" target=\"_blank\">www.aepd.es<\/a>).<br \/>\n<b>INFORMACI\u00d3N ADICIONAL:<\/b> m\u00e1s informaci\u00f3n en nuestra <a href=\"https:\/\/romaguera-edo.com\/es\/politica-de-privacidad\/\" target=\"_blank\">pol\u00edtica de privacidad<\/a>.\n\t\t\t<\/p>\n\t\t\t<p><span class=\"wpcf7-form-control-wrap\" data-name=\"your-consent\"><span class=\"wpcf7-form-control wpcf7-acceptance\"><span class=\"wpcf7-list-item\"><label><input type=\"checkbox\" name=\"your-consent\" value=\"1\" aria-invalid=\"false\" \/><span class=\"wpcf7-list-item-label\">Acepto que se traten mis datos para atender la solicitud de informaci\u00f3n.<\/span><\/label><\/span><\/span><\/span>\n\t\t\t<\/p>\n\t\t<\/div>\n\t<\/div>\n\t<div class=\"col-sm-12\">\n\t\n\t\t<div class=\"form-group\">\n\t\t\t<p><input class=\"wpcf7-form-control wpcf7-submit has-spinner btn-send submit-button\" type=\"submit\" value=\"ENVIAR EL MENSAJE\" \/>\n\t\t\t<\/p>\n\t\t<\/div>\n\t<\/div>\n<\/div><div class=\"wpcf7-response-output\" aria-hidden=\"true\"><\/div>\n<\/form>\n<\/div>\n[\/vc_column][\/vc_row]<\/p>\n<\/div>","protected":false},"excerpt":{"rendered":"<p>[vc_row][vc_column width=&#8221;1\/3&#8243;][vc_wp_custommenu nav_menu=&#8221;293&#8243; el_class=&#8221;practica-menu&#8221;][\/vc_column][vc_column width=&#8221;2\/3&#8243;][vc_column_text]La aceptaci\u00f3n de la herencia es aquella declaraci\u00f3n de voluntad en virtud de la cual el llamado a una sucesi\u00f3n acepta la llamada realizada a su favor. La sucesi\u00f3n se defiere en el momento de la muerte del causante. Si la herencia todav\u00eda no ha sido aceptada ni repudiada decimos que [&hellip;]<\/p>\n","protected":false},"author":2,"featured_media":0,"parent":3760,"menu_order":0,"comment_status":"closed","ping_status":"closed","template":"","meta":{"footnotes":""},"class_list":["post-4176","page","type-page","status-publish","hentry"],"_links":{"self":[{"href":"https:\/\/romaguera-edo.com\/es\/wp-json\/wp\/v2\/pages\/4176","targetHints":{"allow":["GET"]}}],"collection":[{"href":"https:\/\/romaguera-edo.com\/es\/wp-json\/wp\/v2\/pages"}],"about":[{"href":"https:\/\/romaguera-edo.com\/es\/wp-json\/wp\/v2\/types\/page"}],"author":[{"embeddable":true,"href":"https:\/\/romaguera-edo.com\/es\/wp-json\/wp\/v2\/users\/2"}],"replies":[{"embeddable":true,"href":"https:\/\/romaguera-edo.com\/es\/wp-json\/wp\/v2\/comments?post=4176"}],"version-history":[{"count":1,"href":"https:\/\/romaguera-edo.com\/es\/wp-json\/wp\/v2\/pages\/4176\/revisions"}],"predecessor-version":[{"id":4177,"href":"https:\/\/romaguera-edo.com\/es\/wp-json\/wp\/v2\/pages\/4176\/revisions\/4177"}],"up":[{"embeddable":true,"href":"https:\/\/romaguera-edo.com\/es\/wp-json\/wp\/v2\/pages\/3760"}],"wp:attachment":[{"href":"https:\/\/romaguera-edo.com\/es\/wp-json\/wp\/v2\/media?parent=4176"}],"curies":[{"name":"wp","href":"https:\/\/api.w.org\/{rel}","templated":true}]}}