{"id":3769,"date":"2020-12-03T11:23:06","date_gmt":"2020-12-03T11:23:06","guid":{"rendered":"https:\/\/romaguera-edo.com\/ponencias\/"},"modified":"2025-11-06T12:57:19","modified_gmt":"2025-11-06T12:57:19","slug":"ponencias","status":"publish","type":"page","link":"https:\/\/romaguera-edo.com\/es\/ponencias\/","title":{"rendered":"Ponencias"},"content":{"rendered":"<div class=\"wpb-content-wrapper\"><p>[vc_row][vc_column width=&#8221;1\/2&#8243;][vc_single_image image=&#8221;4355&#8243; css=&#8221;&#8221;][\/vc_column][vc_column width=&#8221;1\/2&#8243;][vc_column_text css=&#8221;&#8221;]<\/p>\n<h3 class=\"title\">M\u00e1ster en Derecho de Familia y Sucesiones ICAB 2025-2026 FORMATO PRESENCIAL y ON-LINE<\/h3>\n<p>[\/vc_column_text][vc_column_text css=&#8221;&#8221; el_class=&#8221;enlinia&#8221;]<a href=\"https:\/\/www.icab.cat\/es\/formacion\/cursos\/Master-en-Derecho-de-Familia-y-Sucesiones-ICAB-2025-2026\/\" target=\"_blank\" rel=\"noopener\">Leer m\u00e1s<\/a>[\/vc_column_text][\/vc_column][\/vc_row][vc_row][vc_column css=&#8221;.vc_custom_1547453421840{margin-top: 10px !important;margin-bottom: 10px !important;}&#8221;][vc_separator][\/vc_column][\/vc_row][vc_row][vc_column width=&#8221;1\/2&#8243;][vc_single_image image=&#8221;4060&#8243;][\/vc_column][vc_column width=&#8221;1\/2&#8243;][vc_column_text]<\/p>\n<h3 class=\"title\">Curso Online de Derecho de Sucesiones \u2013 2024<\/h3>\n<p>[\/vc_column_text][vc_column_text el_class=&#8221;enlinia&#8221;]<a href=\"https:\/\/www.icab.es\/ca\/formacio\/cursos\/Curs-on-line-de-Dret-de-Successions-2024\/\" target=\"_blank\" rel=\"noopener\">Leer m\u00e1s<\/a>[\/vc_column_text][\/vc_column][\/vc_row][vc_row][vc_column css=&#8221;.vc_custom_1547453421840{margin-top: 10px !important;margin-bottom: 10px !important;}&#8221;][vc_separator][\/vc_column][\/vc_row][vc_row][vc_column width=&#8221;1\/2&#8243;][vc_single_image image=&#8221;4063&#8243;][\/vc_column][vc_column width=&#8221;1\/2&#8243;][vc_column_text]<\/p>\n<h3 class=\"title\">M\u00e1ster en Derecho de Familia y Sucesiones\u00a0ICAB 2023-2024 FORMATO PRESENCIAL<\/h3>\n<p>[\/vc_column_text][vc_column_text el_class=&#8221;enlinia&#8221;]<a href=\"https:\/\/www.icab.es\/ca\/formacio\/cursos\/Master-en-Dret-de-Familia-i-Successions-ICAB-2023-2024-FORMAT-PRESENCIAL\/\" target=\"_blank\" rel=\"noopener\">Leer m\u00e1s<\/a>[\/vc_column_text][\/vc_column][\/vc_row][vc_row][vc_column css=&#8221;.vc_custom_1547453421840{margin-top: 10px !important;margin-bottom: 10px !important;}&#8221;][vc_separator][\/vc_column][\/vc_row][vc_row][vc_column width=&#8221;1\/2&#8243;][vc_single_image image=&#8221;4063&#8243;][\/vc_column][vc_column width=&#8221;1\/2&#8243;][vc_column_text]<\/p>\n<h3 class=\"title\">M\u00e1ster en Derecho de Familia y Sucesiones ICAB 2023-2024 FORMATO ON-LINE<\/h3>\n<p>[\/vc_column_text][vc_column_text el_class=&#8221;enlinia&#8221;]<a href=\"https:\/\/www.icab.es\/ca\/formacio\/cursos\/Master-en-Dret-de-Familia-i-Successions-ICAB-2023-2024-FORMAT-ON-LINE\/\" target=\"_blank\" rel=\"noopener\">Leer m\u00e1s<\/a>[\/vc_column_text][\/vc_column][\/vc_row][vc_row][vc_column css=&#8221;.vc_custom_1547453421840{margin-top: 10px !important;margin-bottom: 10px !important;}&#8221;][vc_separator][\/vc_column][\/vc_row][vc_row][vc_column width=&#8221;1\/2&#8243;][vc_single_image image=&#8221;4036&#8243; img_size=&#8221;full&#8221;][\/vc_column][vc_column width=&#8221;1\/2&#8243;][vc_column_text]<\/p>\n<h3>Curso Online de Derecho de Sucesiones \u2013 2023<\/h3>\n<p>[\/vc_column_text][\/vc_column][\/vc_row][vc_row][vc_column css=&#8221;.vc_custom_1547453421840{margin-top: 10px !important;margin-bottom: 10px !important;}&#8221;][vc_separator][\/vc_column][\/vc_row][vc_row][vc_column width=&#8221;1\/2&#8243;][vc_single_image image=&#8221;4008&#8243; img_size=&#8221;full&#8221;][\/vc_column][vc_column width=&#8221;1\/2&#8243;][vc_column_text]<\/p>\n<h3 class=\"title\">M\u00e1ster en Derecho de Familia y Sucesiones ICAB 2022-2023 FORMATO PRESENCIAL<\/h3>\n<p>[\/vc_column_text][\/vc_column][\/vc_row][vc_row][vc_column css=&#8221;.vc_custom_1547453421840{margin-top: 10px !important;margin-bottom: 10px !important;}&#8221;][vc_separator][\/vc_column][\/vc_row][vc_row][vc_column width=&#8221;1\/2&#8243;][vc_single_image image=&#8221;4008&#8243; img_size=&#8221;full&#8221;][\/vc_column][vc_column width=&#8221;1\/2&#8243;][vc_column_text]<\/p>\n<h3 class=\"title\">M\u00e1ster en Derecho de Familia y Sucesiones ICAB 2022-2023 FORMATO ON-LINE<\/h3>\n<p>[\/vc_column_text][\/vc_column][\/vc_row][vc_row][vc_column css=&#8221;.vc_custom_1547453421840{margin-top: 10px !important;margin-bottom: 10px !important;}&#8221;][vc_separator][\/vc_column][\/vc_row][vc_row][vc_column width=&#8221;1\/2&#8243;][vc_single_image image=&#8221;3987&#8243;][\/vc_column][vc_column width=&#8221;1\/2&#8243;][vc_column_text]<\/p>\n<h3>Curso Online de Derecho de Sucesiones &#8211; 2022<\/h3>\n<p>[\/vc_column_text][\/vc_column][\/vc_row][vc_row][vc_column css=&#8221;.vc_custom_1547453421840{margin-top: 10px !important;margin-bottom: 10px !important;}&#8221;][vc_separator][\/vc_column][\/vc_row][vc_row][vc_column width=&#8221;1\/2&#8243;][vc_single_image image=&#8221;3979&#8243;][\/vc_column][vc_column width=&#8221;1\/2&#8243;][vc_column_text]<\/p>\n<h3 class=\"title\">M\u00e1ster en Derecho de Familia y Sucesiones ICAB 2021-2022 &#8211; FORMATO BLENDED<\/h3>\n<p>[\/vc_column_text][\/vc_column][\/vc_row][vc_row][vc_column css=&#8221;.vc_custom_1547453421840{margin-top: 10px !important;margin-bottom: 10px !important;}&#8221;][vc_separator][\/vc_column][\/vc_row][vc_row][vc_column width=&#8221;1\/2&#8243;][vc_single_image image=&#8221;3572&#8243;][\/vc_column][vc_column width=&#8221;1\/2&#8243;][vc_column_text]<\/p>\n<h3>Curso Online de Derecho de Sucesiones &#8211; 2021<\/h3>\n<p>[\/vc_column_text][\/vc_column][\/vc_row][vc_row][vc_column css=&#8221;.vc_custom_1547453421840{margin-top: 10px !important;margin-bottom: 10px !important;}&#8221;][vc_separator][\/vc_column][\/vc_row][vc_row][vc_column width=&#8221;1\/2&#8243;][vc_single_image image=&#8221;3897&#8243;][\/vc_column][vc_column width=&#8221;1\/2&#8243;][vc_column_text]<\/p>\n<h3 class=\"title\">M\u00e1ster en Derecho de Familia y Sucesiones ICAB 2020-2021<\/h3>\n<p>[\/vc_column_text][\/vc_column][\/vc_row][vc_row][vc_column css=&#8221;.vc_custom_1547453421840{margin-top: 10px !important;margin-bottom: 10px !important;}&#8221;][vc_separator][\/vc_column][\/vc_row][vc_row][vc_column width=&#8221;1\/2&#8243;][vc_single_image image=&#8221;3584&#8243;][\/vc_column][vc_column width=&#8221;1\/2&#8243;][vc_column_text]<\/p>\n<h3>Tratado del Derecho de sucesiones vigente en Espa\u00f1a y Andorra &#8211; 1\u00aa Edici\u00f3n Mayo 2020<\/h3>\n<p>&nbsp;<br \/>\n[\/vc_column_text][vc_column_text el_class=&#8221;enlinia&#8221;]<a href=\"https:\/\/www.thomsonreuters.es\/es\/tienda\/duo-papel-ebook\/tratado-del-derecho-de-sucesiones-vigente-en-espana-y-andorraduo\/p\/10015990\">Adquirir\u00a0<\/a><a href=\"https:\/\/romaguera-edo.com\/wp-content\/uploads\/2020\/06\/DISJUREX-Librer%C3%ADa-Jur%C3%ADdica-Virtual_P%C3%A1gina_1_per-publicar.jpg \" target=\"_blank\" rel=\"noopener\">M\u00e1s informaci\u00f3n\u00a0<\/a><a href=\"https:\/\/romaguera-edo.com\/wp-content\/uploads\/2020\/06\/DISJUREX-Librer\u00eda-Jur\u00eddica-Virtual_P\u00e1gina_2_per-publicar.jpg \" target=\"_blank\" rel=\"noopener\">\u00cdndice<\/a>[\/vc_column_text][\/vc_column][\/vc_row][vc_row][vc_column css=&#8221;.vc_custom_1547453421840{margin-top: 10px !important;margin-bottom: 10px !important;}&#8221;][vc_separator][\/vc_column][\/vc_row][vc_row][vc_column width=&#8221;1\/2&#8243;][vc_single_image image=&#8221;3572&#8243;][\/vc_column][vc_column width=&#8221;1\/2&#8243;][vc_column_text]<\/p>\n<h3>Curso de Derecho de Sucesiones &#8211; 2020<\/h3>\n<p>[\/vc_column_text][\/vc_column][\/vc_row][vc_row][vc_column css=&#8221;.vc_custom_1547453421840{margin-top: 10px !important;margin-bottom: 10px !important;}&#8221;][vc_separator][\/vc_column][\/vc_row][vc_row][vc_column width=&#8221;1\/2&#8243;][vc_single_image image=&#8221;3572&#8243;][\/vc_column][vc_column width=&#8221;1\/2&#8243;][vc_column_text]<\/p>\n<h3>Noticia: Nuevo \u00f3rgano de direcci\u00f3n a la Secci\u00f3n de Derecho Civil del ICAB<\/h3>\n<p>&nbsp;<br \/>\n[\/vc_column_text][vc_column_text el_class=&#8221;enlinia&#8221;]<a href=\"https:\/\/romaguera-edo.com\/wp-content\/uploads\/2020\/05\/2019-12-03-Nous-\u00f2rgans-de-direcci\u00f3-a-les-Seccions-de-Dret-Civil-i-de-Dret-Sanitari-de-la-Comissi\u00f3-de-Cultura-i-Formaci\u00f3-de-l\u2019ICAB.jpg\" target=\"_blank\" rel=\"noopener\">M\u00e1s informaci\u00f3n<\/a>[\/vc_column_text][\/vc_column][\/vc_row][vc_row][vc_column css=&#8221;.vc_custom_1547453421840{margin-top: 10px !important;margin-bottom: 10px !important;}&#8221;][vc_separator][\/vc_column][\/vc_row][vc_row][vc_column width=&#8221;1\/2&#8243;][vc_single_image image=&#8221;3574&#8243;][\/vc_column][vc_column width=&#8221;1\/2&#8243;][vc_column_text]<\/p>\n<h3 class=\"title\">M\u00e1ster en Derecho de Familia y Sucesiones ICAB 2019-2020<\/h3>\n<p>[\/vc_column_text][\/vc_column][\/vc_row][vc_row][vc_column css=&#8221;.vc_custom_1547453421840{margin-top: 10px !important;margin-bottom: 10px !important;}&#8221;][vc_separator][\/vc_column][\/vc_row][vc_row][vc_column width=&#8221;1\/2&#8243;][vc_single_image image=&#8221;3572&#8243;][\/vc_column][vc_column width=&#8221;1\/2&#8243;][vc_column_text]<\/p>\n<h3>Curso de Derecho de Sucesiones &#8211; 2019<\/h3>\n<p>[\/vc_column_text][\/vc_column][\/vc_row][vc_row][vc_column css=&#8221;.vc_custom_1547453421840{margin-top: 10px !important;margin-bottom: 10px !important;}&#8221;][vc_separator][\/vc_column][\/vc_row][vc_row][vc_column width=&#8221;1\/2&#8243;][vc_single_image image=&#8221;3566&#8243;][\/vc_column][vc_column width=&#8221;1\/2&#8243;][vc_column_text]<\/p>\n<h3>M\u00e1ster en Dret de Fam\u00edlia y Sucesiones ICAB 2018-2019<\/h3>\n<p>[\/vc_column_text][\/vc_column][\/vc_row][vc_row][vc_column css=&#8221;.vc_custom_1535135302193{margin-top: 10px !important;margin-bottom: 10px !important;}&#8221;][vc_separator css=&#8221;.vc_custom_1535135237051{margin-top: 10px !important;border-bottom-width: 10px !important;}&#8221;][\/vc_column][\/vc_row][vc_row][vc_column width=&#8221;1\/2&#8243;][vc_single_image image=&#8221;4076&#8243;][\/vc_column][vc_column width=&#8221;1\/2&#8243;][vc_column_text]<\/p>\n<h3>XIX Congreso Internacional y XXII Congreso Iberoamericano de Derecho Romano<\/h3>\n<p><a href=\"https:\/\/romaguera-edo.com\/docs\/congreso2017.pdf\" target=\"_blank\" rel=\"noopener\">Llegir m\u00e9s<\/a>[\/vc_column_text][\/vc_column][\/vc_row][vc_row][vc_column css=&#8221;.vc_custom_1535135302193{margin-top: 10px !important;margin-bottom: 10px !important;}&#8221;][vc_separator css=&#8221;.vc_custom_1535135237051{margin-top: 10px !important;border-bottom-width: 10px !important;}&#8221;][\/vc_column][\/vc_row][vc_row][vc_column width=&#8221;1\/2&#8243;][vc_single_image image=&#8221;3546&#8243;][\/vc_column][vc_column width=&#8221;1\/2&#8243;][vc_column_text]<\/p>\n<h3>Jornada de la Revista Jur\u00eddica de Catalunya sobre Derecho de Sucesiones<\/h3>\n<p><a href=\"\/attach\/jornadasuccessions2016.pdf\">Leer m\u00e1s<\/a>[\/vc_column_text][\/vc_column][\/vc_row]<\/p>\n<\/div>","protected":false},"excerpt":{"rendered":"<p>[vc_row][vc_column width=&#8221;1\/2&#8243;][vc_single_image image=&#8221;4355&#8243; css=&#8221;&#8221;][\/vc_column][vc_column width=&#8221;1\/2&#8243;][vc_column_text css=&#8221;&#8221;] M\u00e1ster en Derecho de Familia y Sucesiones ICAB 2025-2026 FORMATO PRESENCIAL y ON-LINE [\/vc_column_text][vc_column_text css=&#8221;&#8221; el_class=&#8221;enlinia&#8221;]Leer m\u00e1s[\/vc_column_text][\/vc_column][\/vc_row][vc_row][vc_column css=&#8221;.vc_custom_1547453421840{margin-top: 10px !important;margin-bottom: 10px !important;}&#8221;][vc_separator][\/vc_column][\/vc_row][vc_row][vc_column width=&#8221;1\/2&#8243;][vc_single_image image=&#8221;4060&#8243;][\/vc_column][vc_column width=&#8221;1\/2&#8243;][vc_column_text] Curso Online de Derecho de Sucesiones \u2013 2024 [\/vc_column_text][vc_column_text el_class=&#8221;enlinia&#8221;]Leer m\u00e1s[\/vc_column_text][\/vc_column][\/vc_row][vc_row][vc_column css=&#8221;.vc_custom_1547453421840{margin-top: 10px !important;margin-bottom: 10px !important;}&#8221;][vc_separator][\/vc_column][\/vc_row][vc_row][vc_column width=&#8221;1\/2&#8243;][vc_single_image image=&#8221;4063&#8243;][\/vc_column][vc_column width=&#8221;1\/2&#8243;][vc_column_text] M\u00e1ster en Derecho de Familia [&hellip;]<\/p>\n","protected":false},"author":1,"featured_media":0,"parent":0,"menu_order":0,"comment_status":"closed","ping_status":"closed","template":"","meta":{"footnotes":""},"class_list":["post-3769","page","type-page","status-publish","hentry"],"_links":{"self":[{"href":"https:\/\/romaguera-edo.com\/es\/wp-json\/wp\/v2\/pages\/3769","targetHints":{"allow":["GET"]}}],"collection":[{"href":"https:\/\/romaguera-edo.com\/es\/wp-json\/wp\/v2\/pages"}],"about":[{"href":"https:\/\/romaguera-edo.com\/es\/wp-json\/wp\/v2\/types\/page"}],"author":[{"embeddable":true,"href":"https:\/\/romaguera-edo.com\/es\/wp-json\/wp\/v2\/users\/1"}],"replies":[{"embeddable":true,"href":"https:\/\/romaguera-edo.com\/es\/wp-json\/wp\/v2\/comments?post=3769"}],"version-history":[{"count":24,"href":"https:\/\/romaguera-edo.com\/es\/wp-json\/wp\/v2\/pages\/3769\/revisions"}],"predecessor-version":[{"id":4358,"href":"https:\/\/romaguera-edo.com\/es\/wp-json\/wp\/v2\/pages\/3769\/revisions\/4358"}],"wp:attachment":[{"href":"https:\/\/romaguera-edo.com\/es\/wp-json\/wp\/v2\/media?parent=3769"}],"curies":[{"name":"wp","href":"https:\/\/api.w.org\/{rel}","templated":true}]}}