{"id":3762,"date":"2020-12-03T11:11:47","date_gmt":"2020-12-03T11:11:47","guid":{"rendered":"https:\/\/romaguera-edo.com\/inicio\/"},"modified":"2024-02-20T06:48:03","modified_gmt":"2024-02-20T06:48:03","slug":"inicio","status":"publish","type":"page","link":"https:\/\/romaguera-edo.com\/es\/","title":{"rendered":"Inicio"},"content":{"rendered":"<div class=\"wpb-content-wrapper\"><p>[vc_row][vc_column][layerslider_vc id=&#8221;13&#8243;][\/vc_column][\/vc_row][vc_row css=&#8221;.vc_custom_1605860873203{padding-top: 60px !important;}&#8221;][vc_column width=&#8221;1\/3&#8243;][vc_single_image image=&#8221;3570&#8243; img_size=&#8221;medium&#8221; alignment=&#8221;center&#8221; style=&#8221;vc_box_rounded&#8221;][\/vc_column][vc_column width=&#8221;2\/3&#8243;]<div class=\"vc_custom_1542354702990\">\r\n\t<div class=\"rt-about-one\">\r\n\t\t<div class=\"row\">\r\n\t\t\t\t\t\t\t\t<div class=\"col-lg-8 col-md-8 col-sm-8 col-xs-12\">\r\n\t\t\t\t<div class=\"rtin-about-content\">\r\n\t\t\t\t<h1 style=\"color:#c39a63; font-size:1px;\"><\/h1>\r\n\t\t\t\t<p class=\"rtin-about-text\"><\/p>\n<ul>\n<li style=\"font-size: 18px\">Herencias y fiscalidad<\/li>\n<li style=\"font-size: 18px\">Reclamaciones de leg\u00edtima<\/li>\n<li style=\"font-size: 18px\">Mediaci\u00f3n en Derecho Privado<\/li>\n<li style=\"font-size: 18px\">Medidas de apoyo a la persona discapacitada y nombramiento de asistente<\/li>\n<li style=\"font-size: 18px\">Derecho Procesal: direcci\u00f3n letrada en procedimientos civiles<\/li>\n<\/ul>\n<p><\/p>\r\n\t\t\t\t\t\t\t\t<\/div>\r\n\t\t\t<\/div>\r\n\t\t\t\t<\/div>\r\n\t<\/div>\r\n<\/div>[\/vc_column][\/vc_row][vc_row][vc_column][vc_separator][\/vc_column][\/vc_row][vc_row css=&#8221;.vc_custom_1605599948167{padding-top: 60px !important;padding-bottom: 30px !important;}&#8221;][vc_column]<div class=\"\">\r\n\t<div class=\"rt-vc-title-1 rtin-section-title-center\">\r\n\t\t\t\t\t<h2 class=\"rt-section-title-vc title32 mitle28\" style=\"font-size:36px; color:#222222;\">\u00c1REAS DE PR\u00c1CTICA<\/h2>\r\n\t\t\t<\/div>\r\n<\/div>[\/vc_column][\/vc_row][vc_row full_width=&#8221;stretch_row&#8221; css=&#8221;.vc_custom_1605612992203{padding-bottom: 50px !important;}&#8221;][vc_column]<div class=\"rt-law-slider-1 owl-wrap rt-owl-nav-1 slider-nav-enabled\">\t\t\r\n\t<div class=\"row\">\r\n\t\t<div class=\"owl-theme owl-carousel rt-owl-carousel\" data-carousel-options=\"{&quot;nav&quot;:true,&quot;navText&quot;:[&quot;&lt;i class=&#039;fa fa-angle-left&#039;&gt;&lt;\\\/i&gt;&quot;,&quot;&lt;i class=&#039;fa fa-angle-right&#039;&gt;&lt;\\\/i&gt;&quot;],&quot;dots&quot;:false,&quot;autoplay&quot;:true,&quot;autoplayTimeout&quot;:&quot;5000&quot;,&quot;autoplaySpeed&quot;:&quot;200&quot;,&quot;autoplayHoverPause&quot;:true,&quot;loop&quot;:true,&quot;margin&quot;:0,&quot;responsive&quot;:{&quot;0&quot;:{&quot;items&quot;:1},&quot;480&quot;:{&quot;items&quot;:1},&quot;768&quot;:{&quot;items&quot;:2},&quot;992&quot;:{&quot;items&quot;:3},&quot;1200&quot;:{&quot;items&quot;:4}}}\">\r\n\t\t\t\t\t\t\t\t\t\t\t\t\t\t\t\t\t\r\n\t\t\t\t\t<div class=\"rtin-single-practice\">\r\n\t\t\t\t\t\t<div class=\"single-practice-content\">\r\n\t\t\t\t\t\t\t\t\t\t\t\t\t\t\t\t\t\t\t\t\t\t\t\t\t\t\t\t\t<h3><a href=\"https:\/\/romaguera-edo.com\/es\/Llei\/planificacion-sucesoria\/\">PLANIFICACI\u00d3N SUCESORIA<\/a><\/h3>\r\n\t\t\t\t\t\t\t<p>PLANIFICACI\u00d3N SUCESORIA Es necesaria\u00a0una\u00a0buena\u00a0planificaci\u00f3n sucesoria\u00a0para evitar problemas\u00a0a nuestros\u00a0herederos, por eso\u00a0antes\u00a0de firmar\u00a0cualquier acto de disposici\u00f3n\u00a0mortis causa&hellip;<\/p>\r\n\t\t\t\t\t\t\t<div class=\"read-more\">\r\n\t\t\t\t\t\t\t\t<a href=\"https:\/\/romaguera-edo.com\/es\/Llei\/planificacion-sucesoria\/\">Leer m\u00e1s<\/a>\r\n\t\t\t\t\t\t\t<\/div>\r\n\t\t\t\t\t\t<\/div>\r\n\t\t\t\t\t<\/div>\r\n\t\t\t\t\t\t\t\t\t\t\t\t\t\t\r\n\t\t\t\t\t<div class=\"rtin-single-practice\">\r\n\t\t\t\t\t\t<div class=\"single-practice-content\">\r\n\t\t\t\t\t\t\t\t\t\t\t\t\t\t\t\t\t\t\t\t\t\t\t\t\t\t\t\t\t<h3><a href=\"https:\/\/romaguera-edo.com\/es\/Llei\/testamento-vital\/\">TESTAMENTO VITAL<\/a><\/h3>\r\n\t\t\t\t\t\t\t<p>TESTAMENTO VITAL El testamento vital, llamado Documento de Voluntades Anticipadas (DVA), es un documento dirigido&hellip;<\/p>\r\n\t\t\t\t\t\t\t<div class=\"read-more\">\r\n\t\t\t\t\t\t\t\t<a href=\"https:\/\/romaguera-edo.com\/es\/Llei\/testamento-vital\/\">Leer m\u00e1s<\/a>\r\n\t\t\t\t\t\t\t<\/div>\r\n\t\t\t\t\t\t<\/div>\r\n\t\t\t\t\t<\/div>\r\n\t\t\t\t\t\t\t\t\t\t\t\t\t\t\r\n\t\t\t\t\t<div class=\"rtin-single-practice\">\r\n\t\t\t\t\t\t<div class=\"single-practice-content\">\r\n\t\t\t\t\t\t\t\t\t\t\t\t\t\t\t\t\t\t\t\t\t\t\t\t\t\t\t\t\t<h3><a href=\"https:\/\/romaguera-edo.com\/es\/Llei\/aceptacion-de-la-herencia\/\">ACEPTACI\u00d3N DE LA HERENCIA<\/a><\/h3>\r\n\t\t\t\t\t\t\t<p>ACEPTACI\u00d3N DE LA HERENCIA La aceptaci\u00f3n de la herencia es aquella declaraci\u00f3n de voluntad en&hellip;<\/p>\r\n\t\t\t\t\t\t\t<div class=\"read-more\">\r\n\t\t\t\t\t\t\t\t<a href=\"https:\/\/romaguera-edo.com\/es\/Llei\/aceptacion-de-la-herencia\/\">Leer m\u00e1s<\/a>\r\n\t\t\t\t\t\t\t<\/div>\r\n\t\t\t\t\t\t<\/div>\r\n\t\t\t\t\t<\/div>\r\n\t\t\t\t\t\t\t\t\t\t\t\t\t\t\r\n\t\t\t\t\t<div class=\"rtin-single-practice\">\r\n\t\t\t\t\t\t<div class=\"single-practice-content\">\r\n\t\t\t\t\t\t\t\t\t\t\t\t\t\t\t\t\t\t\t\t\t\t\t\t\t\t\t\t\t<h3><a href=\"https:\/\/romaguera-edo.com\/es\/Llei\/sucesion-intestada-o-defunciones-sin-testamento\/\">SUCESI\u00d3N INTESTADA O DEFUNCIONES SIN TESTAMENTO<\/a><\/h3>\r\n\t\t\t\t\t\t\t<p>SUCESI\u00d3N INTESTADA O DEFUNCIONES SIN TESTAMENTO La sucesi\u00f3n intestada o fallecimiento sin testamento se abre&hellip;<\/p>\r\n\t\t\t\t\t\t\t<div class=\"read-more\">\r\n\t\t\t\t\t\t\t\t<a href=\"https:\/\/romaguera-edo.com\/es\/Llei\/sucesion-intestada-o-defunciones-sin-testamento\/\">Leer m\u00e1s<\/a>\r\n\t\t\t\t\t\t\t<\/div>\r\n\t\t\t\t\t\t<\/div>\r\n\t\t\t\t\t<\/div>\r\n\t\t\t\t\t\t\t\t\t\t\t\t<\/div>\r\n\t<\/div>\r\n<\/div>[\/vc_column][\/vc_row][vc_row full_width=&#8221;stretch_row&#8221; css=&#8221;.vc_custom_1605600542316{padding-top: 40px !important;background-color: #f9f9f9 !important;}&#8221;][vc_column]<div class=\"\">\r\n\t<div class=\"rt-vc-title-1 rtin-section-title-center\">\r\n\t\t\t\t\t<h2 class=\"rt-section-title-vc title32 mitle28\" style=\"font-size:36px; color:#222222;\">ART\u00cdCULOS<\/h2>\r\n\t\t\t<\/div>\r\n<\/div>[\/vc_column][\/vc_row][vc_row full_width=&#8221;stretch_row&#8221; css=&#8221;.vc_custom_1605613196920{padding-bottom: 30px !important;background-color: #f9f9f9 !important;}&#8221;][vc_column][vc_basic_grid post_type=&#8221;post&#8221; max_items=&#8221;4&#8243; element_width=&#8221;3&#8243; gap=&#8221;5&#8243; item=&#8221;3837&#8243; grid_id=&#8221;vc_gid:1708411338324-55138a45-2c83-9&#8243; taxonomies=&#8221;260&#8243;][vc_empty_space][vc_btn title=&#8221;Ver todos los art\u00edculos&#8221; style=&#8221;classic&#8221; shape=&#8221;square&#8221; color=&#8221;orange&#8221; align=&#8221;center&#8221; link=&#8221;url:https%3A%2F%2Fromaguera-edo.com%2Fcategory%2Farticles%2F|&#8221;][\/vc_column][\/vc_row][vc_row full_width=&#8221;stretch_row&#8221; css=&#8221;.vc_custom_1507186704825{padding-top: 0px !important;padding-bottom: 12px !important;background-color: #cf9455 !important;}&#8221;][vc_column]<div class=\"rt-cta-1  rt-has-sub\">\n\t<div class=\"container\">\n\t\t<div class=\"row\">\n\t\t\t<div class=\"col-lg-6 col-md-6 col-sm-12 col-xs-12\">\n\t\t\t\t<h3 style=\"\"> Para un asesoramiento personalizado <\/h3>\n\t\t\t<\/div>\n\t\t\t<div class=\"col-lg-6 col-md-6 col-sm-12 col-xs-12\">\n\t\t\t\t<div class=\"rtin-cta-contact-button\">\n\t\t\t\t\t\t\t\t\t\t<a class=\"rdtheme-button-5\" href=\"\/contactar\">Contactar<\/a>\n\t\t\t\t\t\t\t\t\t<\/div>\n\t\t\t<\/div>\n\t\t<\/div>\n\t<\/div>\n<\/div>[\/vc_column][\/vc_row]<\/p>\n<\/div>","protected":false},"excerpt":{"rendered":"<p>[vc_row][vc_column][layerslider_vc id=&#8221;13&#8243;][\/vc_column][\/vc_row][vc_row css=&#8221;.vc_custom_1605860873203{padding-top: 60px !important;}&#8221;][vc_column width=&#8221;1\/3&#8243;][vc_single_image image=&#8221;3570&#8243; img_size=&#8221;medium&#8221; alignment=&#8221;center&#8221; style=&#8221;vc_box_rounded&#8221;][\/vc_column][vc_column width=&#8221;2\/3&#8243;][\/vc_column][\/vc_row][vc_row][vc_column][vc_separator][\/vc_column][\/vc_row][vc_row css=&#8221;.vc_custom_1605599948167{padding-top: 60px !important;padding-bottom: 30px !important;}&#8221;][vc_column][\/vc_column][\/vc_row][vc_row full_width=&#8221;stretch_row&#8221; css=&#8221;.vc_custom_1605612992203{padding-bottom: 50px !important;}&#8221;][vc_column][\/vc_column][\/vc_row][vc_row full_width=&#8221;stretch_row&#8221; css=&#8221;.vc_custom_1605600542316{padding-top: 40px !important;background-color: #f9f9f9 !important;}&#8221;][vc_column][\/vc_column][\/vc_row][vc_row full_width=&#8221;stretch_row&#8221; css=&#8221;.vc_custom_1605613196920{padding-bottom: 30px !important;background-color: #f9f9f9 !important;}&#8221;][vc_column][vc_basic_grid post_type=&#8221;post&#8221; max_items=&#8221;4&#8243; element_width=&#8221;3&#8243; gap=&#8221;5&#8243; item=&#8221;3837&#8243; grid_id=&#8221;vc_gid:1708411338324-55138a45-2c83-9&#8243; taxonomies=&#8221;260&#8243;][vc_empty_space][vc_btn title=&#8221;Ver todos los art\u00edculos&#8221; style=&#8221;classic&#8221; shape=&#8221;square&#8221; color=&#8221;orange&#8221; align=&#8221;center&#8221; link=&#8221;url:https%3A%2F%2Fromaguera-edo.com%2Fcategory%2Farticles%2F|&#8221;][\/vc_column][\/vc_row][vc_row full_width=&#8221;stretch_row&#8221; css=&#8221;.vc_custom_1507186704825{padding-top: 0px !important;padding-bottom: 12px !important;background-color: #cf9455 [&hellip;]<\/p>\n","protected":false},"author":1,"featured_media":0,"parent":0,"menu_order":0,"comment_status":"closed","ping_status":"closed","template":"","meta":{"footnotes":""},"class_list":["post-3762","page","type-page","status-publish","hentry"],"_links":{"self":[{"href":"https:\/\/romaguera-edo.com\/es\/wp-json\/wp\/v2\/pages\/3762","targetHints":{"allow":["GET"]}}],"collection":[{"href":"https:\/\/romaguera-edo.com\/es\/wp-json\/wp\/v2\/pages"}],"about":[{"href":"https:\/\/romaguera-edo.com\/es\/wp-json\/wp\/v2\/types\/page"}],"author":[{"embeddable":true,"href":"https:\/\/romaguera-edo.com\/es\/wp-json\/wp\/v2\/users\/1"}],"replies":[{"embeddable":true,"href":"https:\/\/romaguera-edo.com\/es\/wp-json\/wp\/v2\/comments?post=3762"}],"version-history":[{"count":14,"href":"https:\/\/romaguera-edo.com\/es\/wp-json\/wp\/v2\/pages\/3762\/revisions"}],"predecessor-version":[{"id":4106,"href":"https:\/\/romaguera-edo.com\/es\/wp-json\/wp\/v2\/pages\/3762\/revisions\/4106"}],"wp:attachment":[{"href":"https:\/\/romaguera-edo.com\/es\/wp-json\/wp\/v2\/media?parent=3762"}],"curies":[{"name":"wp","href":"https:\/\/api.w.org\/{rel}","templated":true}]}}