{"id":3755,"date":"2020-12-03T11:05:45","date_gmt":"2020-12-03T11:05:45","guid":{"rendered":"https:\/\/romaguera-edo.com\/presentacion\/"},"modified":"2026-03-30T06:12:20","modified_gmt":"2026-03-30T06:12:20","slug":"presentacion","status":"publish","type":"page","link":"https:\/\/romaguera-edo.com\/es\/presentacion\/","title":{"rendered":"Presentaci\u00f3n"},"content":{"rendered":"<div class=\"wpb-content-wrapper\"><p>[vc_row css=&#8221;.vc_custom_1608110836580{padding-top: 25px !important;padding-bottom: 100px !important;}&#8221;][vc_column width=&#8221;1\/2&#8243;][vc_row_inner content_placement=&#8221;middle&#8221;][vc_column_inner width=&#8221;1\/4&#8243;][vc_single_image image=&#8221;4015&#8243; img_size=&#8221;250&#215;250&#8243;][\/vc_column_inner][vc_column_inner width=&#8221;3\/4&#8243;][vc_column_text]<\/p>\n<h3 style=\"color: #c39a63; font-weight: bold;\">MARIA DE MONTSERRRAT ROMAGUERA EDO<\/h3>\n<p>&nbsp;<br \/>\n[\/vc_column_text][\/vc_column_inner][\/vc_row_inner][vc_empty_space][vc_column_text el_class=&#8221;text-justify&#8221;]Licenciada en Derecho por la Universitat de Barcelona (UB). M\u00e1ster en Derecho, especialidad en Derecho Privado por la Universitat de Barcelona. Especializaci\u00f3n en Mediaci\u00f3n Civil, Mercantil y Concursal por la Universitat Oberta de Catalunya (UOC).<\/p>\n<p>Abogada colegiada en l\u2019Il\u00b7lustre Col\u00b7legi de l\u2019Advocacia de Barcelona (ICAB).<\/p>\n<p>Contadora-partidora, inscrita en el registro profesional de contadores-partidores del ICAB.<\/p>\n<p>Mediadora, inscrita al registro profesional de mediadores del ICAB (Centre de Mediaci\u00f3 de l\u2019ICAB \u2013CEMICAB\u2013) y en el registro de mediadores de derecho privado activos de la Generalitat de Catalunya (Centre de Mediaci\u00f3 de Dret Privat de Catalunya).<\/p>\n<p>Administradora concursal, inscrita en el registro profesional de administradores concursales de ICAB.<\/p>\n<p>Miembro de la <a href=\"https:\/\/aceds.cat\/\">Associaci\u00f3 Catalana d\u2019Especialistes en Dret de Successions<\/a> (ACEDS).<\/p>\n<p>\u00c1mbito de especializaci\u00f3n:<\/p>\n<ul>\n<li>Derecho de Sucesiones, principalmente gesti\u00f3n \u00edntegra de herencias y reclamaciones de leg\u00edtima;<\/li>\n<li>Derecho Procesal, direcci\u00f3n letrada en procedimientos civiles, asesoramiento a otros compa\u00f1eros abogados y colaboraciones profesionales; y<\/li>\n<li>Derecho Concursal, principalmente abogada instante de concursos de herencias y concursos de persona f\u00edsica.<\/li>\n<\/ul>\n<p>Ponente del M\u00e1ster de Fam\u00edlia y Sucesiones y del Curso de Derecho de Sucesiones, ambos del Il\u00b7lustre Col\u00b7legi de l\u2019Advocacia de Barcelona.<\/p>\n<p>Ponente del Il\u00b7lustre Col\u00b7legi de l\u2019Advocacia de Barcelona, en otros colegios professionales y universidades.<\/p>\n<p>Profesora colaboradora de los Estudios de Derecho y Ciencia Pol\u00edtica de la Universitat Oberta de Catalunya (UOC).<\/p>\n<p>Ha publicado en Immosc\u00f2pia (Revista dels Col\u00b7legis i l\u2019Associaci\u00f3 d\u2019Agents Immobiliaris de Catalunya), a la Revista Jur\u00eddica de Catalunya, y ha colaborado como coautora en diferentes publicaciones.[\/vc_column_text][vc_empty_space][vc_row_inner][vc_column_inner width=&#8221;2\/12&#8243;][vc_icon icon_fontawesome=&#8221;fa fa-brands fa-linkedin&#8221; color=&#8221;custom&#8221; background_style=&#8221;rounded-outline&#8221; css=&#8221;&#8221; custom_color=&#8221;#C39A63&#8243; link=&#8221;url:https%3A%2F%2Fwww.linkedin.com%2Fin%2Fmaria-de-montserrat-romaguera-edo-6b75151a5%2F%3Flipi%3Durn%253Ali%253Apage%253Ad_flagship3_profile_view_base_contact_details%253B%252BY6fVFdgSVScEKPuNNBdPg%253D%253D|title:Linkedin|target:_blank|&#8221;][\/vc_column_inner][vc_column_inner width=&#8221;6\/12&#8243;][vc_single_image image=&#8221;3961&#8243; img_size=&#8221;full&#8221; onclick=&#8221;custom_link&#8221; img_link_target=&#8221;_blank&#8221; link=&#8221;http:\/\/www.aceds.cat&#8221;][\/vc_column_inner][\/vc_row_inner][\/vc_column][vc_column width=&#8221;1\/2&#8243;][vc_single_image image=&#8221;3554&#8243; img_size=&#8221;large&#8221; add_caption=&#8221;yes&#8221;][vc_column_text]<\/p>\n<h5><\/h5>\n<p><\/p>\n<h5><span style=\"color: #c39a63;\">Biblioteca del l&#8217;Ilustre Colegio de la Abogacia de Barcelona<\/span><\/h5>\n<p>&nbsp;<br \/>\n[\/vc_column_text][\/vc_column][\/vc_row]<\/p>\n<\/div>","protected":false},"excerpt":{"rendered":"<p>[vc_row css=&#8221;.vc_custom_1608110836580{padding-top: 25px !important;padding-bottom: 100px !important;}&#8221;][vc_column width=&#8221;1\/2&#8243;][vc_row_inner content_placement=&#8221;middle&#8221;][vc_column_inner width=&#8221;1\/4&#8243;][vc_single_image image=&#8221;4015&#8243; img_size=&#8221;250&#215;250&#8243;][\/vc_column_inner][vc_column_inner width=&#8221;3\/4&#8243;][vc_column_text] MARIA DE MONTSERRRAT ROMAGUERA EDO &nbsp; [\/vc_column_text][\/vc_column_inner][\/vc_row_inner][vc_empty_space][vc_column_text el_class=&#8221;text-justify&#8221;]Licenciada en Derecho por la Universitat de Barcelona (UB). M\u00e1ster en Derecho, especialidad en Derecho Privado por la Universitat de Barcelona. Especializaci\u00f3n en Mediaci\u00f3n Civil, Mercantil y Concursal por la Universitat Oberta de Catalunya (UOC). Abogada [&hellip;]<\/p>\n","protected":false},"author":1,"featured_media":0,"parent":0,"menu_order":0,"comment_status":"closed","ping_status":"closed","template":"","meta":{"footnotes":""},"class_list":["post-3755","page","type-page","status-publish","hentry"],"_links":{"self":[{"href":"https:\/\/romaguera-edo.com\/es\/wp-json\/wp\/v2\/pages\/3755","targetHints":{"allow":["GET"]}}],"collection":[{"href":"https:\/\/romaguera-edo.com\/es\/wp-json\/wp\/v2\/pages"}],"about":[{"href":"https:\/\/romaguera-edo.com\/es\/wp-json\/wp\/v2\/types\/page"}],"author":[{"embeddable":true,"href":"https:\/\/romaguera-edo.com\/es\/wp-json\/wp\/v2\/users\/1"}],"replies":[{"embeddable":true,"href":"https:\/\/romaguera-edo.com\/es\/wp-json\/wp\/v2\/comments?post=3755"}],"version-history":[{"count":18,"href":"https:\/\/romaguera-edo.com\/es\/wp-json\/wp\/v2\/pages\/3755\/revisions"}],"predecessor-version":[{"id":4520,"href":"https:\/\/romaguera-edo.com\/es\/wp-json\/wp\/v2\/pages\/3755\/revisions\/4520"}],"wp:attachment":[{"href":"https:\/\/romaguera-edo.com\/es\/wp-json\/wp\/v2\/media?parent=3755"}],"curies":[{"name":"wp","href":"https:\/\/api.w.org\/{rel}","templated":true}]}}