{"id":3611,"date":"2020-12-03T08:56:45","date_gmt":"2020-12-03T08:56:45","guid":{"rendered":"https:\/\/romaguera-edo.com\/contactar\/"},"modified":"2024-07-05T08:12:19","modified_gmt":"2024-07-05T08:12:19","slug":"contactar","status":"publish","type":"page","link":"https:\/\/romaguera-edo.com\/es\/contactar\/","title":{"rendered":"Contactar"},"content":{"rendered":"<div class=\"wpb-content-wrapper\"><p>[vc_row full_width=&#8221;stretch_row_content_no_spaces&#8221; disable_element=&#8221;yes&#8221; css=&#8221;.vc_custom_1577705466795{margin-top: 0px !important;padding-top: 0px !important;padding-bottom: 90px !important;}&#8221;][vc_column][\/vc_column][\/vc_row][vc_row css=&#8221;.vc_custom_1605618880910{padding-top: 20px !important;}&#8221;][vc_column width=&#8221;2\/3&#8243;]\n<div class=\"wpcf7 no-js\" id=\"wpcf7-f3794-o1\" lang=\"es-ES\" dir=\"ltr\" data-wpcf7-id=\"3794\">\n<div class=\"screen-reader-response\"><p role=\"status\" aria-live=\"polite\" aria-atomic=\"true\"><\/p> <ul><\/ul><\/div>\n<form action=\"\/es\/wp-json\/wp\/v2\/pages\/3611#wpcf7-f3794-o1\" method=\"post\" class=\"wpcf7-form init\" aria-label=\"Formulario de contacto\" novalidate=\"novalidate\" data-status=\"init\">\n<fieldset class=\"hidden-fields-container\"><input type=\"hidden\" name=\"_wpcf7\" value=\"3794\" \/><input type=\"hidden\" name=\"_wpcf7_version\" value=\"6.1.5\" \/><input type=\"hidden\" name=\"_wpcf7_locale\" value=\"es_ES\" \/><input type=\"hidden\" name=\"_wpcf7_unit_tag\" value=\"wpcf7-f3794-o1\" \/><input type=\"hidden\" name=\"_wpcf7_container_post\" value=\"0\" \/><input type=\"hidden\" name=\"_wpcf7_posted_data_hash\" value=\"\" \/><input type=\"hidden\" name=\"_wpcf7_recaptcha_response\" value=\"\" \/>\n<\/fieldset>\n<div class=\"contact-form-area\">\n\t<h2>Formulario de contacto\n\t<\/h2>\n\t<div class=\"col-sm-12\">\n\t\t<div class=\"form-group\">\n\t\t\t<p><label>Nombre y apellidos: <\/label><span class=\"wpcf7-form-control-wrap\" data-name=\"name-604\"><input size=\"40\" maxlength=\"400\" class=\"wpcf7-form-control wpcf7-text wpcf7-validates-as-required form-control\" aria-required=\"true\" aria-invalid=\"false\" value=\"\" type=\"text\" name=\"name-604\" \/><\/span>\n\t\t\t<\/p>\n\t\t<\/div>\n\t<\/div>\n\t<div class=\"col-sm-12\">\n\t\t<div class=\"form-group\">\n\t\t\t<p><label>E-mail : <\/label><br \/>\n<span class=\"wpcf7-form-control-wrap\" data-name=\"email-179\"><input size=\"40\" maxlength=\"400\" class=\"wpcf7-form-control wpcf7-email wpcf7-validates-as-required wpcf7-text wpcf7-validates-as-email form-control\" aria-required=\"true\" aria-invalid=\"false\" value=\"\" type=\"email\" name=\"email-179\" \/><\/span>\n\t\t\t<\/p>\n\t\t<\/div>\n\t<\/div>\n\t<div class=\"col-sm-12\">\n\t\t<div class=\"form-group\">\n\t\t\t<p><label>M\u00f3vil : <\/label><br \/>\n<span class=\"wpcf7-form-control-wrap\" data-name=\"tel-131\"><input size=\"40\" maxlength=\"400\" class=\"wpcf7-form-control wpcf7-tel wpcf7-validates-as-required wpcf7-text wpcf7-validates-as-tel form-control\" aria-required=\"true\" aria-invalid=\"false\" value=\"\" type=\"tel\" name=\"tel-131\" \/><\/span>\n\t\t\t<\/p>\n\t\t<\/div>\n\t<\/div>\n\t<div class=\"col-sm-12\">\n\t\t<div class=\"form-group\">\n\t\t\t<p><label>Mensaje: <\/label><br \/>\n<span class=\"wpcf7-form-control-wrap\" data-name=\"textarea-346\"><textarea cols=\"40\" rows=\"10\" maxlength=\"2000\" class=\"wpcf7-form-control wpcf7-textarea wpcf7-validates-as-required form-control\" aria-required=\"true\" aria-invalid=\"false\" name=\"textarea-346\"><\/textarea><\/span>\n\t\t\t<\/p>\n\t\t<\/div>\n\t<\/div>\n\t<div class=\"col-sm-12\">\n\t\t<div class=\"form-group\" >\n\t\t\t<p><br \/>\n<b>RESPONSABLE TRATAMIENTO: Maria de Montserrat Romaguera Edo<\/b><br \/>\n<b>FINALIDAD:<\/b> Atender la solicitud del usuario.<br \/>\n<b>LEGITIMACI\u00d3N:<\/b> Consentimiento del interesado.<br \/>\n<b>DERECHOS:<\/b> Acceso, rectificaci\u00f3n, supresi\u00f3n, oposici\u00f3n, limitaci\u00f3n, portabilidad, revocaci\u00f3n del consentimiento al correo info@romaguera-edo.com o mediante el procedimiento establecido en nuestra pol\u00edtica de privacidad de la web. Si considera que el tratamiento de sus datos no se ajusta a la normativa, puede acudir a la Autoridad de Control (<a href=\"https:\/\/www.aepd.es\" target=\"_blank\">www.aepd.es<\/a>).<br \/>\n<b>INFORMACI\u00d3N ADICIONAL:<\/b> m\u00e1s informaci\u00f3n en nuestra <a href=\"https:\/\/romaguera-edo.com\/es\/politica-de-privacidad\/\" target=\"_blank\">pol\u00edtica de privacidad<\/a>.\n\t\t\t<\/p>\n\t\t\t<p><span class=\"wpcf7-form-control-wrap\" data-name=\"your-consent\"><span class=\"wpcf7-form-control wpcf7-acceptance\"><span class=\"wpcf7-list-item\"><label><input type=\"checkbox\" name=\"your-consent\" value=\"1\" aria-invalid=\"false\" \/><span class=\"wpcf7-list-item-label\">Acepto que se traten mis datos para atender la solicitud de informaci\u00f3n.<\/span><\/label><\/span><\/span><\/span>\n\t\t\t<\/p>\n\t\t<\/div>\n\t<\/div>\n\t<div class=\"col-sm-12\">\n\t\n\t\t<div class=\"form-group\">\n\t\t\t<p><input class=\"wpcf7-form-control wpcf7-submit has-spinner btn-send submit-button\" type=\"submit\" value=\"ENVIAR EL MENSAJE\" \/>\n\t\t\t<\/p>\n\t\t<\/div>\n\t<\/div>\n<\/div><div class=\"wpcf7-response-output\" aria-hidden=\"true\"><\/div>\n<\/form>\n<\/div>\n[\/vc_column][vc_column width=&#8221;1\/3&#8243;]<div class=\"\">\n\t<div class=\"rt-contact-info\">\n\t\t\t\t\t<h2 style=\"color:#000000;\">Contacto<\/h2>\n\t\t\t\t\t<p style=\"color:#666666;\">Horas convenidas. Concertar cita previa mediante el correo electr\u00f3nico info@romaguera-edo.com o este formulario de contacto.<\/p>\n<p>Tambi\u00e9n atenci\u00f3n personalizada en Madrid (Centro Ciudad) un d\u00eda a la semana, es necesario concertar cita previa.<\/p>\n\t\t\t\t\n\t\t<ul>\n\t\t\t\t\t<\/ul>\n\t<\/div>\n<\/div><div class=\"\">\n\t<div class=\"rt-contact-info\">\n\t\t\t\t\n\t\t<ul>\n\t\t\t<li><i class=\"fa fa-map-marker\" aria-hidden=\"true\"><\/i> Av. Diagonal 363, 2\u00ba 1\u00aa B 08037 Barcelona<\/li><li><i class=\"fa fa-phone\" aria-hidden=\"true\"><\/i> <a href=\"tel:+34648803552\">+34648803552<\/a><\/li><li><i class=\"fa fa-envelope-o\" aria-hidden=\"true\"><\/i> <a href=\"mailto:info@romaguera-edo.com\">info@romaguera-edo.com<\/a><\/li>\t\t<\/ul>\n\t<\/div>\n<\/div>[vc_gmaps link=&#8221;#E-8_JTNDaWZyYW1lJTIwc3JjJTNEJTIyaHR0cHMlM0ElMkYlMkZ3d3cuZ29vZ2xlLmNvbSUyRm1hcHMlMkZlbWJlZCUzRnBiJTNEJTIxMW0xOCUyMTFtMTIlMjExbTMlMjExZDc0OC4yMzUzNjkwODcxOTQ2JTIxMmQyLjE2MjQ1NTQyOTI1MDEzMzclMjEzZDQxLjM5NzA3NzMwNDcyNjcxNCUyMTJtMyUyMTFmMCUyMTJmMCUyMTNmMCUyMTNtMiUyMTFpMTAyNCUyMTJpNzY4JTIxNGYxMy4xJTIxM20zJTIxMW0yJTIxMXMweDEyYTRhMjk0OTA2ODc3NTElMjUzQTB4MmQ2YjYyNGVmY2ZiNzE4NSUyMTJzQXZlbmlkYSUyNTIwRGlhZ29uYWwlMjUyQyUyNTIwMzYzJTI1MkMlMjUyMDA4MDM3JTI1MjBCYXJjZWxvbmElMjE1ZTAlMjEzbTIlMjExc2VzJTIxMnNlcyUyMTR2MTYzMzY3OTM4MzM3MiUyMTVtMiUyMTFzZXMlMjEyc2VzJTIyJTIwd2lkdGglM0QlMjI2MDAlMjIlMjBoZWlnaHQlM0QlMjI0NTAlMjIlMjBzdHlsZSUzRCUyMmJvcmRlciUzQTAlM0IlMjIlMjBhbGxvd2Z1bGxzY3JlZW4lM0QlMjIlMjIlMjBsb2FkaW5nJTNEJTIybGF6eSUyMiUzRSUzQyUyRmlmcmFtZSUzRQ==&#8221; size=&#8221;400&#8243;][\/vc_column][\/vc_row]<\/p>\n<\/div>","protected":false},"excerpt":{"rendered":"<p>[vc_row full_width=&#8221;stretch_row_content_no_spaces&#8221; disable_element=&#8221;yes&#8221; css=&#8221;.vc_custom_1577705466795{margin-top: 0px !important;padding-top: 0px !important;padding-bottom: 90px !important;}&#8221;][vc_column][\/vc_column][\/vc_row][vc_row css=&#8221;.vc_custom_1605618880910{padding-top: 20px !important;}&#8221;][vc_column width=&#8221;2\/3&#8243;][\/vc_column][vc_column width=&#8221;1\/3&#8243;][vc_gmaps link=&#8221;#E-8_JTNDaWZyYW1lJTIwc3JjJTNEJTIyaHR0cHMlM0ElMkYlMkZ3d3cuZ29vZ2xlLmNvbSUyRm1hcHMlMkZlbWJlZCUzRnBiJTNEJTIxMW0xOCUyMTFtMTIlMjExbTMlMjExZDc0OC4yMzUzNjkwODcxOTQ2JTIxMmQyLjE2MjQ1NTQyOTI1MDEzMzclMjEzZDQxLjM5NzA3NzMwNDcyNjcxNCUyMTJtMyUyMTFmMCUyMTJmMCUyMTNmMCUyMTNtMiUyMTFpMTAyNCUyMTJpNzY4JTIxNGYxMy4xJTIxM20zJTIxMW0yJTIxMXMweDEyYTRhMjk0OTA2ODc3NTElMjUzQTB4MmQ2YjYyNGVmY2ZiNzE4NSUyMTJzQXZlbmlkYSUyNTIwRGlhZ29uYWwlMjUyQyUyNTIwMzYzJTI1MkMlMjUyMDA4MDM3JTI1MjBCYXJjZWxvbmElMjE1ZTAlMjEzbTIlMjExc2VzJTIxMnNlcyUyMTR2MTYzMzY3OTM4MzM3MiUyMTVtMiUyMTFzZXMlMjEyc2VzJTIyJTIwd2lkdGglM0QlMjI2MDAlMjIlMjBoZWlnaHQlM0QlMjI0NTAlMjIlMjBzdHlsZSUzRCUyMmJvcmRlciUzQTAlM0IlMjIlMjBhbGxvd2Z1bGxzY3JlZW4lM0QlMjIlMjIlMjBsb2FkaW5nJTNEJTIybGF6eSUyMiUzRSUzQyUyRmlmcmFtZSUzRQ==&#8221; size=&#8221;400&#8243;][\/vc_column][\/vc_row]<\/p>\n","protected":false},"author":1,"featured_media":0,"parent":0,"menu_order":0,"comment_status":"closed","ping_status":"closed","template":"","meta":{"footnotes":""},"class_list":["post-3611","page","type-page","status-publish","hentry"],"_links":{"self":[{"href":"https:\/\/romaguera-edo.com\/es\/wp-json\/wp\/v2\/pages\/3611","targetHints":{"allow":["GET"]}}],"collection":[{"href":"https:\/\/romaguera-edo.com\/es\/wp-json\/wp\/v2\/pages"}],"about":[{"href":"https:\/\/romaguera-edo.com\/es\/wp-json\/wp\/v2\/types\/page"}],"author":[{"embeddable":true,"href":"https:\/\/romaguera-edo.com\/es\/wp-json\/wp\/v2\/users\/1"}],"replies":[{"embeddable":true,"href":"https:\/\/romaguera-edo.com\/es\/wp-json\/wp\/v2\/comments?post=3611"}],"version-history":[{"count":12,"href":"https:\/\/romaguera-edo.com\/es\/wp-json\/wp\/v2\/pages\/3611\/revisions"}],"predecessor-version":[{"id":4344,"href":"https:\/\/romaguera-edo.com\/es\/wp-json\/wp\/v2\/pages\/3611\/revisions\/4344"}],"wp:attachment":[{"href":"https:\/\/romaguera-edo.com\/es\/wp-json\/wp\/v2\/media?parent=3611"}],"curies":[{"name":"wp","href":"https:\/\/api.w.org\/{rel}","templated":true}]}}