{"id":3627,"date":"2020-12-03T09:39:32","date_gmt":"2020-12-03T09:39:32","guid":{"rendered":"https:\/\/romaguera-edo.com\/news\/"},"modified":"2025-11-10T11:22:39","modified_gmt":"2025-11-10T11:22:39","slug":"news","status":"publish","type":"page","link":"https:\/\/romaguera-edo.com\/en\/news\/","title":{"rendered":"Papers"},"content":{"rendered":"<div class=\"wpb-content-wrapper\"><p>[vc_row][vc_column width=&#8221;1\/2&#8243;][vc_single_image image=&#8221;4359&#8243; css=&#8221;&#8221;][\/vc_column][vc_column width=&#8221;1\/2&#8243;][vc_column_text css=&#8221;&#8221;]<\/p>\n<h3 class=\"title\">Master&#8217;s in Family and Inheritance Law ICAB 2025-2026 FACE-TO-FACE\u00a0 &amp; ONLINE FORMAT<\/h3>\n<p>[\/vc_column_text][vc_column_text css=&#8221;&#8221; el_class=&#8221;enlinia&#8221;]<a href=\"https:\/\/www.icab.cat\/en\/formacion\/course\/Master-en-Derecho-de-Familia-y-Sucesiones-ICAB-2025-2026\/\" target=\"_blank\" rel=\"noopener\">Read more<\/a>[\/vc_column_text][\/vc_column][\/vc_row][vc_row][vc_column css=&#8221;.vc_custom_1547453421840{margin-top: 10px !important;margin-bottom: 10px !important;}&#8221;][vc_separator][\/vc_column][\/vc_row][vc_row][vc_column width=&#8221;1\/2&#8243;][vc_single_image image=&#8221;4059&#8243;][\/vc_column][vc_column width=&#8221;1\/2&#8243;][vc_column_text]<\/p>\n<h3 class=\"title\">Inheritance Law Online Course \u2013 2024<\/h3>\n<p>[\/vc_column_text][vc_column_text el_class=&#8221;enlinia&#8221;]<a href=\"https:\/\/www.icab.es\/ca\/formacio\/cursos\/Curs-on-line-de-Dret-de-Successions-2024\/\" target=\"_blank\" rel=\"noopener\">Read more<\/a>[\/vc_column_text][\/vc_column][\/vc_row][vc_row][vc_column css=&#8221;.vc_custom_1547453421840{margin-top: 10px !important;margin-bottom: 10px !important;}&#8221;][vc_separator][\/vc_column][\/vc_row][vc_row][vc_column width=&#8221;1\/2&#8243;][vc_single_image image=&#8221;4062&#8243;][\/vc_column][vc_column width=&#8221;1\/2&#8243;][vc_column_text]<\/p>\n<h3 class=\"title\">Master&#8217;s in Family and Inheritance Law ICAB 2023-2024 FACE-TO-FACE FORMAT<\/h3>\n<p>[\/vc_column_text][vc_column_text el_class=&#8221;enlinia&#8221;]<a href=\"https:\/\/www.icab.es\/ca\/formacio\/cursos\/Master-en-Dret-de-Familia-i-Successions-ICAB-2023-2024-FORMAT-PRESENCIAL\/\" target=\"_blank\" rel=\"noopener\">Read more<\/a>[\/vc_column_text][\/vc_column][\/vc_row][vc_row][vc_column css=&#8221;.vc_custom_1547453421840{margin-top: 10px !important;margin-bottom: 10px !important;}&#8221;][vc_separator][\/vc_column][\/vc_row][vc_row][vc_column width=&#8221;1\/2&#8243;][vc_single_image image=&#8221;4062&#8243;][\/vc_column][vc_column width=&#8221;1\/2&#8243;][vc_column_text]<\/p>\n<h3 class=\"title\">Master&#8217;s in Family and Inheritance Law ICAB 2023-2024 ONLINE FORMAT<\/h3>\n<p>[\/vc_column_text][vc_column_text el_class=&#8221;enlinia&#8221;]<a href=\"https:\/\/www.icab.es\/ca\/formacio\/cursos\/Master-en-Dret-de-Familia-i-Successions-ICAB-2023-2024-FORMAT-ON-LINE\/\" target=\"_blank\" rel=\"noopener\">Read more<\/a>[\/vc_column_text][\/vc_column][\/vc_row][vc_row][vc_column css=&#8221;.vc_custom_1547453421840{margin-top: 10px !important;margin-bottom: 10px !important;}&#8221;][vc_separator][\/vc_column][\/vc_row][vc_row][vc_column width=&#8221;1\/2&#8243;][vc_single_image image=&#8221;4035&#8243; img_size=&#8221;full&#8221;][\/vc_column][vc_column width=&#8221;1\/2&#8243;][vc_column_text]<\/p>\n<h3 class=\"title\">Inheritance Law Online Course \u2013 2023<\/h3>\n<p>[\/vc_column_text][\/vc_column][\/vc_row][vc_row][vc_column css=&#8221;.vc_custom_1547453421840{margin-top: 10px !important;margin-bottom: 10px !important;}&#8221;][vc_separator][\/vc_column][\/vc_row][vc_row][vc_column width=&#8221;1\/2&#8243;][vc_single_image image=&#8221;4007&#8243; img_size=&#8221;full&#8221;][\/vc_column][vc_column width=&#8221;1\/2&#8243;][vc_column_text]<\/p>\n<h3 class=\"title\">Master&#8217;s in Family and Inheritance Law ICAB 2022-2023 FACE-TO-FACE FORMAT<\/h3>\n<p>[\/vc_column_text][\/vc_column][\/vc_row][vc_row][vc_column css=&#8221;.vc_custom_1547453421840{margin-top: 10px !important;margin-bottom: 10px !important;}&#8221;][vc_separator][\/vc_column][\/vc_row][vc_row][vc_column width=&#8221;1\/2&#8243;][vc_single_image image=&#8221;4007&#8243; img_size=&#8221;full&#8221;][\/vc_column][vc_column width=&#8221;1\/2&#8243;][vc_column_text]<\/p>\n<h3 class=\"title\">Master&#8217;s in Family and Inheritance Law ICAB 2022-2023 ONLINE FORMAT<\/h3>\n<p>[\/vc_column_text][\/vc_column][\/vc_row][vc_row][vc_column css=&#8221;.vc_custom_1547453421840{margin-top: 10px !important;margin-bottom: 10px !important;}&#8221;][vc_separator][\/vc_column][\/vc_row][vc_row][vc_column width=&#8221;1\/2&#8243;][vc_single_image image=&#8221;3986&#8243;][\/vc_column][vc_column width=&#8221;1\/2&#8243;][vc_column_text]<\/p>\n<h3 class=\"title\">Inheritance Law Online Course &#8211; 2022<\/h3>\n<p>[\/vc_column_text][\/vc_column][\/vc_row][vc_row][vc_column css=&#8221;.vc_custom_1547453421840{margin-top: 10px !important;margin-bottom: 10px !important;}&#8221;][vc_separator][\/vc_column][\/vc_row][vc_row][vc_column width=&#8221;1\/2&#8243;][vc_single_image image=&#8221;3978&#8243;][\/vc_column][vc_column width=&#8221;1\/2&#8243;][vc_column_text]<\/p>\n<h3 class=\"title\">Master&#8217;s in Family and Inheritance Law ICAB 2021-2022 BLENDED FORMAT<\/h3>\n<p>[\/vc_column_text][\/vc_column][\/vc_row][vc_row][vc_column css=&#8221;.vc_custom_1547453421840{margin-top: 10px !important;margin-bottom: 10px !important;}&#8221;][vc_separator][\/vc_column][\/vc_row][vc_row][vc_column width=&#8221;1\/2&#8243;][vc_single_image image=&#8221;3571&#8243;][\/vc_column][vc_column width=&#8221;1\/2&#8243;][vc_column_text]<\/p>\n<h3 class=\"title\">Inheritance Law Online Course\u00a0&#8211; 2021<\/h3>\n<p>[\/vc_column_text][\/vc_column][\/vc_row][vc_row][vc_column css=&#8221;.vc_custom_1547453421840{margin-top: 10px !important;margin-bottom: 10px !important;}&#8221;][vc_separator][\/vc_column][\/vc_row][vc_row][vc_column width=&#8221;1\/2&#8243;][vc_single_image image=&#8221;3896&#8243;][\/vc_column][vc_column width=&#8221;1\/2&#8243;][vc_column_text]<\/p>\n<h3 class=\"title\">Master&#8217;s in Family and Inheritance Law ICAB 2020-2021<\/h3>\n<p>[\/vc_column_text][\/vc_column][\/vc_row][vc_row][vc_column css=&#8221;.vc_custom_1547453421840{margin-top: 10px !important;margin-bottom: 10px !important;}&#8221;][vc_separator][\/vc_column][\/vc_row][vc_row][vc_column width=&#8221;1\/2&#8243;][vc_single_image image=&#8221;3583&#8243;][\/vc_column][vc_column width=&#8221;1\/2&#8243;][vc_column_text]<\/p>\n<h3>Inheritance Law Treaty in force in Spain and Andorra &#8211; 1st Edition May 2020<\/h3>\n<p>&nbsp;<br \/>\n[\/vc_column_text][vc_column_text el_class=&#8221;enlinia&#8221;]<a href=\"https:\/\/www.thomsonreuters.es\/es\/tienda\/duo-papel-ebook\/tratado-del-derecho-de-sucesiones-vigente-en-espana-y-andorraduo\/p\/10015990\">Purchase\u00a0<\/a><a href=\"https:\/\/romaguera-edo.com\/wp-content\/uploads\/2020\/06\/DISJUREX-Librer%C3%ADa-Jur%C3%ADdica-Virtual_P%C3%A1gina_1_per-publicar.jpg \" target=\"_blank\" rel=\"noopener\">More info\u00a0<\/a><a href=\"https:\/\/romaguera-edo.com\/wp-content\/uploads\/2020\/06\/DISJUREX-Librer\u00eda-Jur\u00eddica-Virtual_P\u00e1gina_2_per-publicar.jpg \" target=\"_blank\" rel=\"noopener\">Index<\/a>[\/vc_column_text][\/vc_column][\/vc_row][vc_row][vc_column css=&#8221;.vc_custom_1547453421840{margin-top: 10px !important;margin-bottom: 10px !important;}&#8221;][vc_separator][\/vc_column][\/vc_row][vc_row][vc_column width=&#8221;1\/2&#8243;][vc_single_image image=&#8221;3571&#8243;][\/vc_column][vc_column width=&#8221;1\/2&#8243;][vc_column_text]<\/p>\n<h3 class=\"title\">Inheritance Law Online Course &#8211; 2020<\/h3>\n<p>[\/vc_column_text][\/vc_column][\/vc_row][vc_row][vc_column css=&#8221;.vc_custom_1547453421840{margin-top: 10px !important;margin-bottom: 10px !important;}&#8221;][vc_separator][\/vc_column][\/vc_row][vc_row][vc_column width=&#8221;1\/2&#8243;][vc_single_image image=&#8221;3571&#8243;][\/vc_column][vc_column width=&#8221;1\/2&#8243;][vc_column_text]<\/p>\n<h3>News: New governing body in the Civil Law Section of the ICAB<\/h3>\n<p>&nbsp;<br \/>\n[\/vc_column_text][vc_column_text el_class=&#8221;enlinia&#8221;]<a href=\"https:\/\/romaguera-edo.com\/wp-content\/uploads\/2020\/05\/2019-12-03-Nous-\u00f2rgans-de-direcci\u00f3-a-les-Seccions-de-Dret-Civil-i-de-Dret-Sanitari-de-la-Comissi\u00f3-de-Cultura-i-Formaci\u00f3-de-l\u2019ICAB.jpg\" target=\"_blank\" rel=\"noopener\">More info<\/a>[\/vc_column_text][\/vc_column][\/vc_row][vc_row][vc_column css=&#8221;.vc_custom_1547453421840{margin-top: 10px !important;margin-bottom: 10px !important;}&#8221;][vc_separator][\/vc_column][\/vc_row][vc_row][vc_column width=&#8221;1\/2&#8243;][vc_single_image image=&#8221;3573&#8243;][\/vc_column][vc_column width=&#8221;1\/2&#8243;][vc_column_text]<\/p>\n<h3 class=\"title\">Master&#8217;s in Family and Inheritance Law ICAB 2019-2020<\/h3>\n<p>[\/vc_column_text][\/vc_column][\/vc_row][vc_row][vc_column css=&#8221;.vc_custom_1547453421840{margin-top: 10px !important;margin-bottom: 10px !important;}&#8221;][vc_separator][\/vc_column][\/vc_row][vc_row][vc_column width=&#8221;1\/2&#8243;][vc_single_image image=&#8221;3571&#8243;][\/vc_column][vc_column width=&#8221;1\/2&#8243;][vc_column_text]<\/p>\n<h3 class=\"title\">Inheritance Law Online Course\u00a0&#8211; 2019<\/h3>\n<p>[\/vc_column_text][\/vc_column][\/vc_row][vc_row][vc_column css=&#8221;.vc_custom_1547453421840{margin-top: 10px !important;margin-bottom: 10px !important;}&#8221;][vc_separator][\/vc_column][\/vc_row][vc_row][vc_column width=&#8221;1\/2&#8243;][vc_single_image image=&#8221;3565&#8243;][\/vc_column][vc_column width=&#8221;1\/2&#8243;][vc_column_text]<\/p>\n<h3 class=\"title\">Master&#8217;s in Family and Inheritance Law ICAB 2018-2019<\/h3>\n<p>[\/vc_column_text][\/vc_column][\/vc_row][vc_row][vc_column css=&#8221;.vc_custom_1535135302193{margin-top: 10px !important;margin-bottom: 10px !important;}&#8221;][vc_separator css=&#8221;.vc_custom_1535135237051{margin-top: 10px !important;border-bottom-width: 10px !important;}&#8221;][\/vc_column][\/vc_row][vc_row][vc_column width=&#8221;1\/2&#8243;][vc_single_image image=&#8221;4075&#8243;][\/vc_column][vc_column width=&#8221;1\/2&#8243;][vc_column_text]<\/p>\n<h3>XIX International Congress and XXII Ibero-American Congress of Roman Law<\/h3>\n<p><a href=\"https:\/\/romaguera-edo.com\/docs\/congreso2017.pdf\" target=\"_blank\" rel=\"noopener\">Llegir m\u00e9s<\/a>[\/vc_column_text][\/vc_column][\/vc_row][vc_row][vc_column css=&#8221;.vc_custom_1535135302193{margin-top: 10px !important;margin-bottom: 10px !important;}&#8221;][vc_separator css=&#8221;.vc_custom_1535135237051{margin-top: 10px !important;border-bottom-width: 10px !important;}&#8221;][\/vc_column][\/vc_row][vc_row][vc_column width=&#8221;1\/2&#8243;][vc_single_image image=&#8221;3545&#8243;][\/vc_column][vc_column width=&#8221;1\/2&#8243;][vc_column_text]<\/p>\n<h3>Conference of the Revista Jur\u00eddica de Catalunya on Inheritance Law<\/h3>\n<p><a href=\"\/attach\/jornadasuccessions2016.pdf\">Read more<\/a>[\/vc_column_text][\/vc_column][\/vc_row]<\/p>\n<\/div>","protected":false},"excerpt":{"rendered":"<p>[vc_row][vc_column width=&#8221;1\/2&#8243;][vc_single_image image=&#8221;4359&#8243; css=&#8221;&#8221;][\/vc_column][vc_column width=&#8221;1\/2&#8243;][vc_column_text css=&#8221;&#8221;] Master&#8217;s in Family and Inheritance Law ICAB 2025-2026 FACE-TO-FACE\u00a0 &amp; ONLINE FORMAT [\/vc_column_text][vc_column_text css=&#8221;&#8221; el_class=&#8221;enlinia&#8221;]Read more[\/vc_column_text][\/vc_column][\/vc_row][vc_row][vc_column css=&#8221;.vc_custom_1547453421840{margin-top: 10px !important;margin-bottom: 10px !important;}&#8221;][vc_separator][\/vc_column][\/vc_row][vc_row][vc_column width=&#8221;1\/2&#8243;][vc_single_image image=&#8221;4059&#8243;][\/vc_column][vc_column width=&#8221;1\/2&#8243;][vc_column_text] Inheritance Law Online Course \u2013 2024 [\/vc_column_text][vc_column_text el_class=&#8221;enlinia&#8221;]Read more[\/vc_column_text][\/vc_column][\/vc_row][vc_row][vc_column css=&#8221;.vc_custom_1547453421840{margin-top: 10px !important;margin-bottom: 10px !important;}&#8221;][vc_separator][\/vc_column][\/vc_row][vc_row][vc_column width=&#8221;1\/2&#8243;][vc_single_image image=&#8221;4062&#8243;][\/vc_column][vc_column width=&#8221;1\/2&#8243;][vc_column_text] Master&#8217;s in Family and Inheritance Law ICAB 2023-2024 [&hellip;]<\/p>\n","protected":false},"author":1,"featured_media":0,"parent":0,"menu_order":0,"comment_status":"closed","ping_status":"closed","template":"","meta":{"footnotes":""},"class_list":["post-3627","page","type-page","status-publish","hentry"],"_links":{"self":[{"href":"https:\/\/romaguera-edo.com\/en\/wp-json\/wp\/v2\/pages\/3627","targetHints":{"allow":["GET"]}}],"collection":[{"href":"https:\/\/romaguera-edo.com\/en\/wp-json\/wp\/v2\/pages"}],"about":[{"href":"https:\/\/romaguera-edo.com\/en\/wp-json\/wp\/v2\/types\/page"}],"author":[{"embeddable":true,"href":"https:\/\/romaguera-edo.com\/en\/wp-json\/wp\/v2\/users\/1"}],"replies":[{"embeddable":true,"href":"https:\/\/romaguera-edo.com\/en\/wp-json\/wp\/v2\/comments?post=3627"}],"version-history":[{"count":29,"href":"https:\/\/romaguera-edo.com\/en\/wp-json\/wp\/v2\/pages\/3627\/revisions"}],"predecessor-version":[{"id":4366,"href":"https:\/\/romaguera-edo.com\/en\/wp-json\/wp\/v2\/pages\/3627\/revisions\/4366"}],"wp:attachment":[{"href":"https:\/\/romaguera-edo.com\/en\/wp-json\/wp\/v2\/media?parent=3627"}],"curies":[{"name":"wp","href":"https:\/\/api.w.org\/{rel}","templated":true}]}}